{"id":879,"date":"2023-09-03T16:23:20","date_gmt":"2023-09-03T14:23:20","guid":{"rendered":"https:\/\/lecarquoisdargent.com\/?page_id=879"},"modified":"2023-09-03T16:42:00","modified_gmt":"2023-09-03T14:42:00","slug":"videos","status":"publish","type":"page","link":"https:\/\/lecarquoisdargent.com\/index.php\/videos\/","title":{"rendered":"Vid\u00e9os"},"content":{"rendered":"<table class=\"has-white-color has-text-color has-background has-fixed-layout\" style=\"background-color: #2b353e;\">\n<tbody>\n<tr>\n<td><strong><span style=\"color: #ffffff;\"><span style=\"font-family: victorian;\"><span style=\"font-size: medium;\">P<\/span><\/span><\/span><span style=\"color: #ffffff;\"><span style=\"font-family: althea;\"><span style=\"font-size: large;\">arole d&rsquo;arch\u00e8re<br \/>\n<\/span><\/span><\/span><\/strong><\/td>\n<\/tr>\n<\/tbody>\n<\/table>\n<p><a title=\"Le tir \u00e0 l'arc au f\u00e9minin par Am\u00e9lia\" href=\"http:\/\/lecarquoisdargent.com\/wp-content\/uploads\/2023\/09\/Feminisation-tir-a-larc-Amelia.mp4\" target=\"_blank\" rel=\"noopener\">Le tir \u00e0 l&rsquo;arc au f\u00e9minin par Am\u00e9lia<\/a><\/p>\n<p><a title=\"Le tir \u00e0 l'arc au f\u00e9minin par Enora\" href=\"http:\/\/lecarquoisdargent.com\/wp-content\/uploads\/2023\/09\/Feminisation-tir-a-larc-Enora.mp4\" target=\"_blank\" rel=\"noopener\">Le tir \u00e0 l&rsquo;arc au f\u00e9minin par Enora<\/a><\/p>\n","protected":false},"excerpt":{"rendered":"<p>Parole d&rsquo;arch\u00e8re Le tir \u00e0 l&rsquo;arc au f\u00e9minin par Am\u00e9lia Le tir \u00e0 l&rsquo;arc au f\u00e9minin par Enora<\/p>\n","protected":false},"author":1,"featured_media":0,"parent":0,"menu_order":0,"comment_status":"closed","ping_status":"closed","template":"template-homepage.php","meta":{"footnotes":""},"class_list":["post-879","page","type-page","status-publish","hentry"],"_links":{"self":[{"href":"https:\/\/lecarquoisdargent.com\/index.php\/wp-json\/wp\/v2\/pages\/879","targetHints":{"allow":["GET"]}}],"collection":[{"href":"https:\/\/lecarquoisdargent.com\/index.php\/wp-json\/wp\/v2\/pages"}],"about":[{"href":"https:\/\/lecarquoisdargent.com\/index.php\/wp-json\/wp\/v2\/types\/page"}],"author":[{"embeddable":true,"href":"https:\/\/lecarquoisdargent.com\/index.php\/wp-json\/wp\/v2\/users\/1"}],"replies":[{"embeddable":true,"href":"https:\/\/lecarquoisdargent.com\/index.php\/wp-json\/wp\/v2\/comments?post=879"}],"version-history":[{"count":7,"href":"https:\/\/lecarquoisdargent.com\/index.php\/wp-json\/wp\/v2\/pages\/879\/revisions"}],"predecessor-version":[{"id":889,"href":"https:\/\/lecarquoisdargent.com\/index.php\/wp-json\/wp\/v2\/pages\/879\/revisions\/889"}],"wp:attachment":[{"href":"https:\/\/lecarquoisdargent.com\/index.php\/wp-json\/wp\/v2\/media?parent=879"}],"curies":[{"name":"wp","href":"https:\/\/api.w.org\/{rel}","templated":true}]}}