{"id":84,"date":"2022-04-19T18:53:48","date_gmt":"2022-04-19T16:53:48","guid":{"rendered":"http:\/\/lecarquoisdargent.com\/?page_id=84"},"modified":"2023-10-24T16:01:41","modified_gmt":"2023-10-24T14:01:41","slug":"accueil","status":"publish","type":"page","link":"https:\/\/lecarquoisdargent.com\/","title":{"rendered":"Accueil"},"content":{"rendered":"<table class=\"has-white-color has-text-color has-background has-fixed-layout\" style=\"background-color: #2b353e;\">\n<tbody>\n<tr>\n<td>Pr\u00e9sentation du club :<\/td>\n<\/tr>\n<\/tbody>\n<\/table>\n<p>\u00ab Le carquois d\u2019argent \u00bb saura vous amener du tir d\u2019initiation \u00e0 la comp\u00e9tition toujours en pr\u00f4nant le respect, la bonne humeur et sans aucune forme de discrimination. Nous souhaitons initier les scolaires, cr\u00e9er des p\u00e9riodes de d\u00e9couvertes ouvertes \u00e0 tous y compris aux personnes atteintes d&rsquo;un handicap, et aux personnes issues de milieu d\u00e9favoris\u00e9.<\/p>\n<p>Nous souhaitons promouvoir le tir \u00e0 l\u2019arc pour tous et que vous vouliez pratiquer ce sport en loisir ou en comp\u00e9tition nous saurons \u00eatre \u00e0 vos c\u00f4t\u00e9s.<\/p>\n<p>Sportivement,<br \/>l&rsquo;\u00e9quipe du carquois d&rsquo;argent<\/p>\n<table class=\"has-white-color has-text-color has-background has-fixed-layout\" style=\"background-color: #2b353e;\">\n<tbody>\n<tr>\n<td>Informations :<\/td>\n<\/tr>\n<\/tbody>\n<\/table>\n<p>Le Pass Sport renouvel\u00e9 par l\u2019Etat pour la saison sportive 2023-2024 (50\u20ac pour les jeunes sportifs sous certaines conditions) est accept\u00e9 dans notre club.<br \/>Ainsi que le paiement en plusieurs fois.<\/p>\n<table class=\"has-white-color has-text-color has-background has-fixed-layout\" style=\"background-color: #2b353e;\">\n<tbody>\n<tr>\n<td>Articles r\u00e9cent :<\/td>\n<\/tr>\n<\/tbody>\n<\/table>\n\n\n\n\n<p><\/p>\n\n\n<table class=\"has-white-color has-text-color has-background has-fixed-layout\" style=\"background-color: #2b353e;\">\n<tbody>\n<tr>\n<td>\u00c9v\u00e9nements \u00e0 venir :<\/td>\n<\/tr>\n<\/tbody>\n<\/table>\n\n\n<p style=\"background-color:transparent;color:#808080;padding:20px;border-radius:5px\" class=\"wp-block-eventon-blocks-evo-eventon-main\">[add_eventon_list number_of_months=\u00a0\u00bb6&Prime; hide_past_by=\u00a0\u00bbss\u00a0\u00bb hide_empty_months=\u00a0\u00bbyes\u00a0\u00bb show_year=\u00a0\u00bbyes\u00a0\u00bb]<\/p>\n","protected":false},"excerpt":{"rendered":"<p>Pr\u00e9sentation du club : \u00ab Le carquois d\u2019argent \u00bb saura vous amener du tir d\u2019initiation \u00e0 la comp\u00e9tition toujours en pr\u00f4nant le respect, la bonne humeur et sans aucune forme de discrimination. Nous souhaitons initier les scolaires, cr\u00e9er des p\u00e9riodes de d\u00e9couvertes ouvertes \u00e0 tous y compris aux personnes atteintes d&rsquo;un handicap, et aux personnes [&hellip;]<\/p>\n","protected":false},"author":1,"featured_media":0,"parent":0,"menu_order":0,"comment_status":"closed","ping_status":"closed","template":"template-homepage.php","meta":{"footnotes":""},"class_list":["post-84","page","type-page","status-publish","hentry"],"_links":{"self":[{"href":"https:\/\/lecarquoisdargent.com\/index.php\/wp-json\/wp\/v2\/pages\/84","targetHints":{"allow":["GET"]}}],"collection":[{"href":"https:\/\/lecarquoisdargent.com\/index.php\/wp-json\/wp\/v2\/pages"}],"about":[{"href":"https:\/\/lecarquoisdargent.com\/index.php\/wp-json\/wp\/v2\/types\/page"}],"author":[{"embeddable":true,"href":"https:\/\/lecarquoisdargent.com\/index.php\/wp-json\/wp\/v2\/users\/1"}],"replies":[{"embeddable":true,"href":"https:\/\/lecarquoisdargent.com\/index.php\/wp-json\/wp\/v2\/comments?post=84"}],"version-history":[{"count":47,"href":"https:\/\/lecarquoisdargent.com\/index.php\/wp-json\/wp\/v2\/pages\/84\/revisions"}],"predecessor-version":[{"id":1099,"href":"https:\/\/lecarquoisdargent.com\/index.php\/wp-json\/wp\/v2\/pages\/84\/revisions\/1099"}],"wp:attachment":[{"href":"https:\/\/lecarquoisdargent.com\/index.php\/wp-json\/wp\/v2\/media?parent=84"}],"curies":[{"name":"wp","href":"https:\/\/api.w.org\/{rel}","templated":true}]}}