{"id":105,"date":"2022-04-19T19:46:12","date_gmt":"2022-04-19T17:46:12","guid":{"rendered":"http:\/\/lecarquoisdargent.com\/?page_id=105"},"modified":"2024-10-07T09:56:23","modified_gmt":"2024-10-07T07:56:23","slug":"entrainements","status":"publish","type":"page","link":"https:\/\/lecarquoisdargent.com\/index.php\/entrainements\/","title":{"rendered":"Entrainements"},"content":{"rendered":"<p><img loading=\"lazy\" decoding=\"async\" class=\"wp-image-618 aligncenter\" src=\"http:\/\/lecarquoisdargent.com\/wp-content\/uploads\/2022\/08\/affiche-avertissement.png\" alt=\"\" width=\"461\" height=\"313\" srcset=\"https:\/\/lecarquoisdargent.com\/wp-content\/uploads\/2022\/08\/affiche-avertissement.png 3307w, https:\/\/lecarquoisdargent.com\/wp-content\/uploads\/2022\/08\/affiche-avertissement-300x204.png 300w, https:\/\/lecarquoisdargent.com\/wp-content\/uploads\/2022\/08\/affiche-avertissement-1024x695.png 1024w, https:\/\/lecarquoisdargent.com\/wp-content\/uploads\/2022\/08\/affiche-avertissement-768x521.png 768w, https:\/\/lecarquoisdargent.com\/wp-content\/uploads\/2022\/08\/affiche-avertissement-1536x1042.png 1536w, https:\/\/lecarquoisdargent.com\/wp-content\/uploads\/2022\/08\/affiche-avertissement-2048x1390.png 2048w, https:\/\/lecarquoisdargent.com\/wp-content\/uploads\/2022\/08\/affiche-avertissement-128x87.png 128w, https:\/\/lecarquoisdargent.com\/wp-content\/uploads\/2022\/08\/affiche-avertissement-32x22.png 32w, https:\/\/lecarquoisdargent.com\/wp-content\/uploads\/2022\/08\/affiche-avertissement-24x16.png 24w, https:\/\/lecarquoisdargent.com\/wp-content\/uploads\/2022\/08\/affiche-avertissement-36x24.png 36w, https:\/\/lecarquoisdargent.com\/wp-content\/uploads\/2022\/08\/affiche-avertissement-48x33.png 48w\" sizes=\"auto, (max-width: 461px) 100vw, 461px\" \/><\/p>\n<p>&nbsp;<\/p>\n<div class=\"kvgmc6g5 cxmmr5t8 oygrvhab hcukyx3x c1et5uql ii04i59q\">\n<h6 dir=\"auto\" style=\"text-align: center;\"><span class=\"pq6dq46d tbxw36s4 knj5qynh kvgmc6g5 ditlmg2l oygrvhab nvdbi5me sf5mxxl7 gl3lb2sf hhz5lgdu\"><img loading=\"lazy\" decoding=\"async\" src=\"https:\/\/static.xx.fbcdn.net\/images\/emoji.php\/v9\/tb0\/1\/16\/1f3af.png\" alt=\"\ud83c\udfaf\" width=\"16\" height=\"16\" \/><\/span><strong> \u2022 Nouveaux horaires \/ Lieu d&rsquo;entra\u00eenement \u2022 <\/strong><span class=\"pq6dq46d tbxw36s4 knj5qynh kvgmc6g5 ditlmg2l oygrvhab nvdbi5me sf5mxxl7 gl3lb2sf hhz5lgdu\"><strong><img loading=\"lazy\" decoding=\"async\" src=\"https:\/\/static.xx.fbcdn.net\/images\/emoji.php\/v9\/tb0\/1\/16\/1f3af.png\" alt=\"\ud83c\udfaf\" width=\"16\" height=\"16\" \/><\/strong><br \/>\n<\/span><\/h6>\n<p dir=\"auto\">\n<\/div>\n<div class=\"cxmmr5t8 oygrvhab hcukyx3x c1et5uql o9v6fnle ii04i59q\">\n<p dir=\"auto\"><strong>Gymnase St Exup\u00e9ry, rue st Exup\u00e9ry \u00e0 Laon :<\/strong><\/p>\n<div dir=\"auto\"><\/div>\n<div dir=\"auto\">&#8211; Les Mercredis de 13h30 \u00e0 15h30<\/div>\n<div dir=\"auto\">&#8211; Les Jeudis de 18h00 \u00e0 22h00<strong><br \/>\n<\/strong><\/div>\n<\/div>\n<div class=\"cxmmr5t8 oygrvhab hcukyx3x c1et5uql o9v6fnle ii04i59q\">\n<p dir=\"auto\">&#8211; Les Samedis de 14h00 \u00e018h00<\/p>\n<p dir=\"auto\"><strong>Boulodrome de Laon \u00e0 partir du 15 Mai :<\/strong><\/p>\n<div dir=\"auto\"><\/div>\n<\/div>\n<div dir=\"auto\">&#8211; Les Mercredis de 14h00 \u00e0 18h00<\/div>\n","protected":false},"excerpt":{"rendered":"<p>&nbsp; \u2022 Nouveaux horaires \/ Lieu d&rsquo;entra\u00eenement \u2022 Gymnase St Exup\u00e9ry, rue st Exup\u00e9ry \u00e0 Laon : &#8211; Les Mercredis de 13h30 \u00e0 15h30 &#8211; Les Jeudis de 18h00 \u00e0 22h00 &#8211; Les Samedis de 14h00 \u00e018h00 Boulodrome de Laon \u00e0 partir du 15 Mai : &#8211; Les Mercredis de 14h00 \u00e0 18h00<\/p>\n","protected":false},"author":1,"featured_media":0,"parent":0,"menu_order":0,"comment_status":"closed","ping_status":"closed","template":"","meta":{"footnotes":""},"class_list":["post-105","page","type-page","status-publish","hentry"],"_links":{"self":[{"href":"https:\/\/lecarquoisdargent.com\/index.php\/wp-json\/wp\/v2\/pages\/105","targetHints":{"allow":["GET"]}}],"collection":[{"href":"https:\/\/lecarquoisdargent.com\/index.php\/wp-json\/wp\/v2\/pages"}],"about":[{"href":"https:\/\/lecarquoisdargent.com\/index.php\/wp-json\/wp\/v2\/types\/page"}],"author":[{"embeddable":true,"href":"https:\/\/lecarquoisdargent.com\/index.php\/wp-json\/wp\/v2\/users\/1"}],"replies":[{"embeddable":true,"href":"https:\/\/lecarquoisdargent.com\/index.php\/wp-json\/wp\/v2\/comments?post=105"}],"version-history":[{"count":28,"href":"https:\/\/lecarquoisdargent.com\/index.php\/wp-json\/wp\/v2\/pages\/105\/revisions"}],"predecessor-version":[{"id":1128,"href":"https:\/\/lecarquoisdargent.com\/index.php\/wp-json\/wp\/v2\/pages\/105\/revisions\/1128"}],"wp:attachment":[{"href":"https:\/\/lecarquoisdargent.com\/index.php\/wp-json\/wp\/v2\/media?parent=105"}],"curies":[{"name":"wp","href":"https:\/\/api.w.org\/{rel}","templated":true}]}}